{"id":114,"date":"2022-01-26T15:48:05","date_gmt":"2022-01-26T15:48:05","guid":{"rendered":"https:\/\/musiktreff-festival.com\/?page_id=114"},"modified":"2023-08-31T09:44:20","modified_gmt":"2023-08-31T09:44:20","slug":"kuenstler-2","status":"publish","type":"page","link":"https:\/\/musiktreff-festival.com\/?page_id=114","title":{"rendered":"Alina DalSegno"},"content":{"rendered":"\t\t<div data-elementor-type=\"wp-page\" data-elementor-id=\"114\" class=\"elementor elementor-114\">\n\t\t\t\t\t\t<section class=\"elementor-section elementor-top-section elementor-element elementor-element-d67ab30 elementor-section-boxed elementor-section-height-default elementor-section-height-default\" data-id=\"d67ab30\" data-element_type=\"section\" data-e-type=\"section\">\n\t\t\t\t\t\t<div class=\"elementor-container elementor-column-gap-default\">\n\t\t\t\t\t<div class=\"elementor-column elementor-col-100 elementor-top-column elementor-element elementor-element-45abb9c\" data-id=\"45abb9c\" data-element_type=\"column\" data-e-type=\"column\">\n\t\t\t<div class=\"elementor-widget-wrap elementor-element-populated\">\n\t\t\t\t\t\t<div class=\"elementor-element elementor-element-e52ed56 elementor-widget elementor-widget-image\" data-id=\"e52ed56\" data-element_type=\"widget\" data-e-type=\"widget\" data-widget_type=\"image.default\">\n\t\t\t\t<div class=\"elementor-widget-container\">\n\t\t\t\t\t\t\t\t\t\t\t\t\t\t\t<img fetchpriority=\"high\" decoding=\"async\" width=\"300\" height=\"201\" src=\"https:\/\/musiktreff-festival.com\/wp-content\/uploads\/2023\/08\/Alina-DalSegno-300x201.jpg\" class=\"attachment-medium size-medium wp-image-699\" alt=\"\" srcset=\"https:\/\/musiktreff-festival.com\/wp-content\/uploads\/2023\/08\/Alina-DalSegno-300x201.jpg 300w, https:\/\/musiktreff-festival.com\/wp-content\/uploads\/2023\/08\/Alina-DalSegno-1024x687.jpg 1024w, https:\/\/musiktreff-festival.com\/wp-content\/uploads\/2023\/08\/Alina-DalSegno-768x515.jpg 768w, https:\/\/musiktreff-festival.com\/wp-content\/uploads\/2023\/08\/Alina-DalSegno.jpg 1280w\" sizes=\"(max-width: 300px) 100vw, 300px\" \/>\t\t\t\t\t\t\t\t\t\t\t\t\t\t\t<\/div>\n\t\t\t\t<\/div>\n\t\t\t\t\t<\/div>\n\t\t<\/div>\n\t\t\t\t\t<\/div>\n\t\t<\/section>\n\t\t\t\t<section class=\"elementor-section elementor-top-section elementor-element elementor-element-4a2783f elementor-section-boxed elementor-section-height-default elementor-section-height-default\" data-id=\"4a2783f\" data-element_type=\"section\" data-e-type=\"section\">\n\t\t\t\t\t\t<div class=\"elementor-container elementor-column-gap-default\">\n\t\t\t\t\t<div class=\"elementor-column elementor-col-100 elementor-top-column elementor-element elementor-element-fb9df7e\" data-id=\"fb9df7e\" data-element_type=\"column\" data-e-type=\"column\">\n\t\t\t<div class=\"elementor-widget-wrap elementor-element-populated\">\n\t\t\t\t\t\t<div class=\"elementor-element elementor-element-b125366 elementor-widget__width-initial elementor-widget elementor-widget-text-editor\" data-id=\"b125366\" data-element_type=\"widget\" data-e-type=\"widget\" data-widget_type=\"text-editor.default\">\n\t\t\t\t<div class=\"elementor-widget-container\">\n\t\t\t\t\t\t\t\t\t<p>Alina DalSegno ist Singer\/Songwriterin aus Freiberg. Ihre ersten Songs schrieb sie 2020.<br \/>Inspiriert wurde Sie durch die Musik der 60er Jahre und dem harten allt\u00e4glichen Leben mit seinen H\u00f6hen und Tiefen.<br \/>Dies spiegelt sich nat\u00fcrlich auch in Ihren Liedern wieder.<br \/><br \/>Ihr erstes eigenes Album mit dem Namen <span class=\"\" data-v-037ae97c=\"\">Psychedelic Coffee<\/span> erschien 2021.<\/p><p>Ihr gro\u00dfer Wunsch ist es, ihre Songs und die damit verbundenen Gef\u00fchle ihrer H\u00f6rerschaft eindrucksvoll und authentisch nahe zu bringen. Ja &#8211; ihre Zuh\u00f6rer regelrecht zu verzaubern. <br \/><br \/>Mit Ihrem Gitarrenspiel und ihrer unverwechselbaren Stimme gelingt Alina DalSegno dies jeden Abend aufs neue und das Publikum liebt die noch junge Ausnahmek\u00fcnstlerin.<\/p>\t\t\t\t\t\t\t\t<\/div>\n\t\t\t\t<\/div>\n\t\t\t\t\t<\/div>\n\t\t<\/div>\n\t\t\t\t\t<\/div>\n\t\t<\/section>\n\t\t\t\t<section class=\"elementor-section elementor-top-section elementor-element elementor-element-e4575f3 elementor-section-boxed elementor-section-height-default elementor-section-height-default\" data-id=\"e4575f3\" data-element_type=\"section\" data-e-type=\"section\">\n\t\t\t\t\t\t<div class=\"elementor-container elementor-column-gap-default\">\n\t\t\t\t\t<div class=\"elementor-column elementor-col-100 elementor-top-column elementor-element elementor-element-ad4e617\" data-id=\"ad4e617\" data-element_type=\"column\" data-e-type=\"column\">\n\t\t\t<div class=\"elementor-widget-wrap elementor-element-populated\">\n\t\t\t\t\t\t<div class=\"elementor-element elementor-element-adcd98c elementor-widget elementor-widget-video\" data-id=\"adcd98c\" data-element_type=\"widget\" data-e-type=\"widget\" data-settings=\"{&quot;youtube_url&quot;:&quot;https:\\\/\\\/www.youtube.com\\\/watch?v=MRcOS33ZgdY&amp;list=OLAK5uy_kA8iJbXiKorCo4lBptxVs7PagWtklVPcs&quot;,&quot;video_type&quot;:&quot;youtube&quot;,&quot;controls&quot;:&quot;yes&quot;}\" data-widget_type=\"video.default\">\n\t\t\t\t<div class=\"elementor-widget-container\">\n\t\t\t\t\t\t\t<div class=\"elementor-wrapper elementor-open-inline\">\n\t\t\t<div class=\"elementor-video\"><\/div>\t\t<\/div>\n\t\t\t\t\t\t<\/div>\n\t\t\t\t<\/div>\n\t\t\t\t\t<\/div>\n\t\t<\/div>\n\t\t\t\t\t<\/div>\n\t\t<\/section>\n\t\t\t\t<\/div>\n\t\t","protected":false},"excerpt":{"rendered":"<p>Alina DalSegno ist Singer\/Songwriterin aus Freiberg. Ihre ersten Songs schrieb sie 2020.Inspiriert wurde Sie durch die Musik der 60er Jahre und dem harten allt\u00e4glichen Leben mit seinen H\u00f6hen und Tiefen.Dies spiegelt sich nat\u00fcrlich auch in Ihren Liedern wieder. Ihr erstes eigenes Album mit dem Namen Psychedelic Coffee erschien 2021. Ihr gro\u00dfer Wunsch ist es, ihre [&hellip;]<\/p>\n","protected":false},"author":1,"featured_media":0,"parent":0,"menu_order":0,"comment_status":"closed","ping_status":"closed","template":"","meta":{"footnotes":""},"class_list":["post-114","page","type-page","status-publish","hentry"],"yoast_head":"<!-- This site is optimized with the Yoast SEO plugin v27.3 - https:\/\/yoast.com\/product\/yoast-seo-wordpress\/ -->\n<title>Alina DalSegno - MusikTreff<\/title>\n<meta name=\"robots\" content=\"index, follow, max-snippet:-1, max-image-preview:large, max-video-preview:-1\" \/>\n<link rel=\"canonical\" href=\"https:\/\/musiktreff-festival.com\/?page_id=114\" \/>\n<meta property=\"og:locale\" content=\"de_DE\" \/>\n<meta property=\"og:type\" content=\"article\" \/>\n<meta property=\"og:title\" content=\"Alina DalSegno - MusikTreff\" \/>\n<meta property=\"og:description\" content=\"Alina DalSegno ist Singer\/Songwriterin aus Freiberg. Ihre ersten Songs schrieb sie 2020.Inspiriert wurde Sie durch die Musik der 60er Jahre und dem harten allt\u00e4glichen Leben mit seinen H\u00f6hen und Tiefen.Dies spiegelt sich nat\u00fcrlich auch in Ihren Liedern wieder. Ihr erstes eigenes Album mit dem Namen Psychedelic Coffee erschien 2021. Ihr gro\u00dfer Wunsch ist es, ihre [&hellip;]\" \/>\n<meta property=\"og:url\" content=\"https:\/\/musiktreff-festival.com\/?page_id=114\" \/>\n<meta property=\"og:site_name\" content=\"MusikTreff\" \/>\n<meta property=\"article:modified_time\" content=\"2023-08-31T09:44:20+00:00\" \/>\n<meta property=\"og:image\" content=\"https:\/\/musiktreff-festival.com\/wp-content\/uploads\/2023\/08\/Alina-DalSegno-300x201.jpg\" \/>\n<meta name=\"twitter:card\" content=\"summary_large_image\" \/>\n<meta name=\"twitter:label1\" content=\"Gesch\u00e4tzte Lesezeit\" \/>\n\t<meta name=\"twitter:data1\" content=\"1\u00a0Minute\" \/>\n<script type=\"application\/ld+json\" class=\"yoast-schema-graph\">{\"@context\":\"https:\\\/\\\/schema.org\",\"@graph\":[{\"@type\":\"WebPage\",\"@id\":\"https:\\\/\\\/musiktreff-festival.com\\\/?page_id=114\",\"url\":\"https:\\\/\\\/musiktreff-festival.com\\\/?page_id=114\",\"name\":\"Alina DalSegno - MusikTreff\",\"isPartOf\":{\"@id\":\"https:\\\/\\\/musiktreff-festival.com\\\/#website\"},\"primaryImageOfPage\":{\"@id\":\"https:\\\/\\\/musiktreff-festival.com\\\/?page_id=114#primaryimage\"},\"image\":{\"@id\":\"https:\\\/\\\/musiktreff-festival.com\\\/?page_id=114#primaryimage\"},\"thumbnailUrl\":\"https:\\\/\\\/musiktreff-festival.com\\\/wp-content\\\/uploads\\\/2023\\\/08\\\/Alina-DalSegno-300x201.jpg\",\"datePublished\":\"2022-01-26T15:48:05+00:00\",\"dateModified\":\"2023-08-31T09:44:20+00:00\",\"breadcrumb\":{\"@id\":\"https:\\\/\\\/musiktreff-festival.com\\\/?page_id=114#breadcrumb\"},\"inLanguage\":\"de\",\"potentialAction\":[{\"@type\":\"ReadAction\",\"target\":[\"https:\\\/\\\/musiktreff-festival.com\\\/?page_id=114\"]}]},{\"@type\":\"ImageObject\",\"inLanguage\":\"de\",\"@id\":\"https:\\\/\\\/musiktreff-festival.com\\\/?page_id=114#primaryimage\",\"url\":\"https:\\\/\\\/musiktreff-festival.com\\\/wp-content\\\/uploads\\\/2023\\\/08\\\/Alina-DalSegno.jpg\",\"contentUrl\":\"https:\\\/\\\/musiktreff-festival.com\\\/wp-content\\\/uploads\\\/2023\\\/08\\\/Alina-DalSegno.jpg\",\"width\":1280,\"height\":859},{\"@type\":\"BreadcrumbList\",\"@id\":\"https:\\\/\\\/musiktreff-festival.com\\\/?page_id=114#breadcrumb\",\"itemListElement\":[{\"@type\":\"ListItem\",\"position\":1,\"name\":\"Startseite\",\"item\":\"https:\\\/\\\/musiktreff-festival.com\\\/\"},{\"@type\":\"ListItem\",\"position\":2,\"name\":\"Alina DalSegno\"}]},{\"@type\":\"WebSite\",\"@id\":\"https:\\\/\\\/musiktreff-festival.com\\\/#website\",\"url\":\"https:\\\/\\\/musiktreff-festival.com\\\/\",\"name\":\"MusikTreff\",\"description\":\"Willkommen\",\"potentialAction\":[{\"@type\":\"SearchAction\",\"target\":{\"@type\":\"EntryPoint\",\"urlTemplate\":\"https:\\\/\\\/musiktreff-festival.com\\\/?s={search_term_string}\"},\"query-input\":{\"@type\":\"PropertyValueSpecification\",\"valueRequired\":true,\"valueName\":\"search_term_string\"}}],\"inLanguage\":\"de\"}]}<\/script>\n<!-- \/ Yoast SEO plugin. -->","yoast_head_json":{"title":"Alina DalSegno - MusikTreff","robots":{"index":"index","follow":"follow","max-snippet":"max-snippet:-1","max-image-preview":"max-image-preview:large","max-video-preview":"max-video-preview:-1"},"canonical":"https:\/\/musiktreff-festival.com\/?page_id=114","og_locale":"de_DE","og_type":"article","og_title":"Alina DalSegno - MusikTreff","og_description":"Alina DalSegno ist Singer\/Songwriterin aus Freiberg. Ihre ersten Songs schrieb sie 2020.Inspiriert wurde Sie durch die Musik der 60er Jahre und dem harten allt\u00e4glichen Leben mit seinen H\u00f6hen und Tiefen.Dies spiegelt sich nat\u00fcrlich auch in Ihren Liedern wieder. Ihr erstes eigenes Album mit dem Namen Psychedelic Coffee erschien 2021. Ihr gro\u00dfer Wunsch ist es, ihre [&hellip;]","og_url":"https:\/\/musiktreff-festival.com\/?page_id=114","og_site_name":"MusikTreff","article_modified_time":"2023-08-31T09:44:20+00:00","og_image":[{"url":"https:\/\/musiktreff-festival.com\/wp-content\/uploads\/2023\/08\/Alina-DalSegno-300x201.jpg","type":"","width":"","height":""}],"twitter_card":"summary_large_image","twitter_misc":{"Gesch\u00e4tzte Lesezeit":"1\u00a0Minute"},"schema":{"@context":"https:\/\/schema.org","@graph":[{"@type":"WebPage","@id":"https:\/\/musiktreff-festival.com\/?page_id=114","url":"https:\/\/musiktreff-festival.com\/?page_id=114","name":"Alina DalSegno - MusikTreff","isPartOf":{"@id":"https:\/\/musiktreff-festival.com\/#website"},"primaryImageOfPage":{"@id":"https:\/\/musiktreff-festival.com\/?page_id=114#primaryimage"},"image":{"@id":"https:\/\/musiktreff-festival.com\/?page_id=114#primaryimage"},"thumbnailUrl":"https:\/\/musiktreff-festival.com\/wp-content\/uploads\/2023\/08\/Alina-DalSegno-300x201.jpg","datePublished":"2022-01-26T15:48:05+00:00","dateModified":"2023-08-31T09:44:20+00:00","breadcrumb":{"@id":"https:\/\/musiktreff-festival.com\/?page_id=114#breadcrumb"},"inLanguage":"de","potentialAction":[{"@type":"ReadAction","target":["https:\/\/musiktreff-festival.com\/?page_id=114"]}]},{"@type":"ImageObject","inLanguage":"de","@id":"https:\/\/musiktreff-festival.com\/?page_id=114#primaryimage","url":"https:\/\/musiktreff-festival.com\/wp-content\/uploads\/2023\/08\/Alina-DalSegno.jpg","contentUrl":"https:\/\/musiktreff-festival.com\/wp-content\/uploads\/2023\/08\/Alina-DalSegno.jpg","width":1280,"height":859},{"@type":"BreadcrumbList","@id":"https:\/\/musiktreff-festival.com\/?page_id=114#breadcrumb","itemListElement":[{"@type":"ListItem","position":1,"name":"Startseite","item":"https:\/\/musiktreff-festival.com\/"},{"@type":"ListItem","position":2,"name":"Alina DalSegno"}]},{"@type":"WebSite","@id":"https:\/\/musiktreff-festival.com\/#website","url":"https:\/\/musiktreff-festival.com\/","name":"MusikTreff","description":"Willkommen","potentialAction":[{"@type":"SearchAction","target":{"@type":"EntryPoint","urlTemplate":"https:\/\/musiktreff-festival.com\/?s={search_term_string}"},"query-input":{"@type":"PropertyValueSpecification","valueRequired":true,"valueName":"search_term_string"}}],"inLanguage":"de"}]}},"_links":{"self":[{"href":"https:\/\/musiktreff-festival.com\/index.php?rest_route=\/wp\/v2\/pages\/114","targetHints":{"allow":["GET"]}}],"collection":[{"href":"https:\/\/musiktreff-festival.com\/index.php?rest_route=\/wp\/v2\/pages"}],"about":[{"href":"https:\/\/musiktreff-festival.com\/index.php?rest_route=\/wp\/v2\/types\/page"}],"author":[{"embeddable":true,"href":"https:\/\/musiktreff-festival.com\/index.php?rest_route=\/wp\/v2\/users\/1"}],"replies":[{"embeddable":true,"href":"https:\/\/musiktreff-festival.com\/index.php?rest_route=%2Fwp%2Fv2%2Fcomments&post=114"}],"version-history":[{"count":54,"href":"https:\/\/musiktreff-festival.com\/index.php?rest_route=\/wp\/v2\/pages\/114\/revisions"}],"predecessor-version":[{"id":702,"href":"https:\/\/musiktreff-festival.com\/index.php?rest_route=\/wp\/v2\/pages\/114\/revisions\/702"}],"wp:attachment":[{"href":"https:\/\/musiktreff-festival.com\/index.php?rest_route=%2Fwp%2Fv2%2Fmedia&parent=114"}],"curies":[{"name":"wp","href":"https:\/\/api.w.org\/{rel}","templated":true}]}}