{"id":152,"date":"2022-01-27T10:56:30","date_gmt":"2022-01-27T10:56:30","guid":{"rendered":"https:\/\/musiktreff-festival.com\/?page_id=152"},"modified":"2023-09-12T08:51:20","modified_gmt":"2023-09-12T08:51:20","slug":"herzlich-willkommen","status":"publish","type":"page","link":"https:\/\/musiktreff-festival.com\/","title":{"rendered":"Startseite"},"content":{"rendered":"\t\t<div data-elementor-type=\"wp-page\" data-elementor-id=\"152\" class=\"elementor elementor-152\">\n\t\t\t\t\t\t<section class=\"elementor-section elementor-top-section elementor-element elementor-element-1412a53 elementor-section-boxed elementor-section-height-default elementor-section-height-default\" data-id=\"1412a53\" data-element_type=\"section\" data-e-type=\"section\">\n\t\t\t\t\t\t<div class=\"elementor-container elementor-column-gap-default\">\n\t\t\t\t\t<div class=\"elementor-column elementor-col-100 elementor-top-column elementor-element elementor-element-9c1ed18\" data-id=\"9c1ed18\" data-element_type=\"column\" data-e-type=\"column\">\n\t\t\t<div class=\"elementor-widget-wrap elementor-element-populated\">\n\t\t\t\t\t\t<div class=\"elementor-element elementor-element-1d0ee3c elementor-widget elementor-widget-text-editor\" data-id=\"1d0ee3c\" data-element_type=\"widget\" data-e-type=\"widget\" data-settings=\"{&quot;_animation&quot;:&quot;none&quot;}\" data-widget_type=\"text-editor.default\">\n\t\t\t\t<div class=\"elementor-widget-container\">\n\t\t\t\t\t\t\t\t\t<p>HERZLICH WILLKOMMEN<\/p><p>&#8230; zum Mega-Event des Jahres\u00a0 in L\u00f6\u00dfnitz \/ Erzgebirge. Lassen Sie die &#8222;alten&#8220; Zeiten mit uns gemeinsam wieder aufleben und paaren Sie diese mit der modernen Atmosph\u00e4re in unserer sch\u00f6nen Stadt.<\/p><p>Regionale K\u00fcnstler, sowie international bekannte Musiker geben sich ein Stell-dich-ein und machen diesen Abend zu einem der sch\u00f6nsten Erlebnisse im Jahr.<\/p><p>Verweilen Sie ein wenig bei uns und inspirieren Sie sich mit guter Musik, musikbegeisterten Menschen und was nat\u00fcrlich auch nicht fehlen darf, gutem Essen.<\/p><p>Ein tolles Event w\u00fcnscht Ihnen <br \/>Orbis Musica Entertainment und das Team des MusikTreffs.<\/p>\t\t\t\t\t\t\t\t<\/div>\n\t\t\t\t<\/div>\n\t\t\t\t\t<\/div>\n\t\t<\/div>\n\t\t\t\t\t<\/div>\n\t\t<\/section>\n\t\t\t\t<\/div>\n\t\t","protected":false},"excerpt":{"rendered":"<p>HERZLICH WILLKOMMEN &#8230; zum Mega-Event des Jahres\u00a0 in L\u00f6\u00dfnitz \/ Erzgebirge. Lassen Sie die &#8222;alten&#8220; Zeiten mit uns gemeinsam wieder aufleben und paaren Sie diese mit der modernen Atmosph\u00e4re in unserer sch\u00f6nen Stadt. Regionale K\u00fcnstler, sowie international bekannte Musiker geben sich ein Stell-dich-ein und machen diesen Abend zu einem der sch\u00f6nsten Erlebnisse im Jahr. Verweilen [&hellip;]<\/p>\n","protected":false},"author":1,"featured_media":0,"parent":0,"menu_order":0,"comment_status":"closed","ping_status":"closed","template":"","meta":{"footnotes":""},"class_list":["post-152","page","type-page","status-publish","hentry"],"yoast_head":"<!-- This site is optimized with the Yoast SEO plugin v27.5 - https:\/\/yoast.com\/product\/yoast-seo-wordpress\/ -->\n<title>Startseite - MusikTreff<\/title>\n<meta name=\"robots\" content=\"index, follow, max-snippet:-1, max-image-preview:large, max-video-preview:-1\" \/>\n<link rel=\"canonical\" href=\"https:\/\/musiktreff-festival.com\/\" \/>\n<meta property=\"og:locale\" content=\"de_DE\" \/>\n<meta property=\"og:type\" content=\"article\" \/>\n<meta property=\"og:title\" content=\"Startseite - MusikTreff\" \/>\n<meta property=\"og:description\" content=\"HERZLICH WILLKOMMEN &#8230; zum Mega-Event des Jahres\u00a0 in L\u00f6\u00dfnitz \/ Erzgebirge. Lassen Sie die &#8222;alten&#8220; Zeiten mit uns gemeinsam wieder aufleben und paaren Sie diese mit der modernen Atmosph\u00e4re in unserer sch\u00f6nen Stadt. Regionale K\u00fcnstler, sowie international bekannte Musiker geben sich ein Stell-dich-ein und machen diesen Abend zu einem der sch\u00f6nsten Erlebnisse im Jahr. Verweilen [&hellip;]\" \/>\n<meta property=\"og:url\" content=\"https:\/\/musiktreff-festival.com\/\" \/>\n<meta property=\"og:site_name\" content=\"MusikTreff\" \/>\n<meta property=\"article:modified_time\" content=\"2023-09-12T08:51:20+00:00\" \/>\n<meta name=\"twitter:card\" content=\"summary_large_image\" \/>\n<meta name=\"twitter:label1\" content=\"Gesch\u00e4tzte Lesezeit\" \/>\n\t<meta name=\"twitter:data1\" content=\"1\u00a0Minute\" \/>\n<script type=\"application\/ld+json\" class=\"yoast-schema-graph\">{\"@context\":\"https:\\\/\\\/schema.org\",\"@graph\":[{\"@type\":\"WebPage\",\"@id\":\"https:\\\/\\\/musiktreff-festival.com\\\/\",\"url\":\"https:\\\/\\\/musiktreff-festival.com\\\/\",\"name\":\"Startseite - MusikTreff\",\"isPartOf\":{\"@id\":\"https:\\\/\\\/musiktreff-festival.com\\\/#website\"},\"datePublished\":\"2022-01-27T10:56:30+00:00\",\"dateModified\":\"2023-09-12T08:51:20+00:00\",\"breadcrumb\":{\"@id\":\"https:\\\/\\\/musiktreff-festival.com\\\/#breadcrumb\"},\"inLanguage\":\"de\",\"potentialAction\":[{\"@type\":\"ReadAction\",\"target\":[\"https:\\\/\\\/musiktreff-festival.com\\\/\"]}]},{\"@type\":\"BreadcrumbList\",\"@id\":\"https:\\\/\\\/musiktreff-festival.com\\\/#breadcrumb\",\"itemListElement\":[{\"@type\":\"ListItem\",\"position\":1,\"name\":\"Startseite\",\"item\":\"https:\\\/\\\/musiktreff-festival.com\\\/\"},{\"@type\":\"ListItem\",\"position\":2,\"name\":\"Startseite\"}]},{\"@type\":\"WebSite\",\"@id\":\"https:\\\/\\\/musiktreff-festival.com\\\/#website\",\"url\":\"https:\\\/\\\/musiktreff-festival.com\\\/\",\"name\":\"MusikTreff\",\"description\":\"Willkommen\",\"potentialAction\":[{\"@type\":\"SearchAction\",\"target\":{\"@type\":\"EntryPoint\",\"urlTemplate\":\"https:\\\/\\\/musiktreff-festival.com\\\/?s={search_term_string}\"},\"query-input\":{\"@type\":\"PropertyValueSpecification\",\"valueRequired\":true,\"valueName\":\"search_term_string\"}}],\"inLanguage\":\"de\"}]}<\/script>\n<!-- \/ Yoast SEO plugin. -->","yoast_head_json":{"title":"Startseite - MusikTreff","robots":{"index":"index","follow":"follow","max-snippet":"max-snippet:-1","max-image-preview":"max-image-preview:large","max-video-preview":"max-video-preview:-1"},"canonical":"https:\/\/musiktreff-festival.com\/","og_locale":"de_DE","og_type":"article","og_title":"Startseite - MusikTreff","og_description":"HERZLICH WILLKOMMEN &#8230; zum Mega-Event des Jahres\u00a0 in L\u00f6\u00dfnitz \/ Erzgebirge. Lassen Sie die &#8222;alten&#8220; Zeiten mit uns gemeinsam wieder aufleben und paaren Sie diese mit der modernen Atmosph\u00e4re in unserer sch\u00f6nen Stadt. Regionale K\u00fcnstler, sowie international bekannte Musiker geben sich ein Stell-dich-ein und machen diesen Abend zu einem der sch\u00f6nsten Erlebnisse im Jahr. Verweilen [&hellip;]","og_url":"https:\/\/musiktreff-festival.com\/","og_site_name":"MusikTreff","article_modified_time":"2023-09-12T08:51:20+00:00","twitter_card":"summary_large_image","twitter_misc":{"Gesch\u00e4tzte Lesezeit":"1\u00a0Minute"},"schema":{"@context":"https:\/\/schema.org","@graph":[{"@type":"WebPage","@id":"https:\/\/musiktreff-festival.com\/","url":"https:\/\/musiktreff-festival.com\/","name":"Startseite - MusikTreff","isPartOf":{"@id":"https:\/\/musiktreff-festival.com\/#website"},"datePublished":"2022-01-27T10:56:30+00:00","dateModified":"2023-09-12T08:51:20+00:00","breadcrumb":{"@id":"https:\/\/musiktreff-festival.com\/#breadcrumb"},"inLanguage":"de","potentialAction":[{"@type":"ReadAction","target":["https:\/\/musiktreff-festival.com\/"]}]},{"@type":"BreadcrumbList","@id":"https:\/\/musiktreff-festival.com\/#breadcrumb","itemListElement":[{"@type":"ListItem","position":1,"name":"Startseite","item":"https:\/\/musiktreff-festival.com\/"},{"@type":"ListItem","position":2,"name":"Startseite"}]},{"@type":"WebSite","@id":"https:\/\/musiktreff-festival.com\/#website","url":"https:\/\/musiktreff-festival.com\/","name":"MusikTreff","description":"Willkommen","potentialAction":[{"@type":"SearchAction","target":{"@type":"EntryPoint","urlTemplate":"https:\/\/musiktreff-festival.com\/?s={search_term_string}"},"query-input":{"@type":"PropertyValueSpecification","valueRequired":true,"valueName":"search_term_string"}}],"inLanguage":"de"}]}},"_links":{"self":[{"href":"https:\/\/musiktreff-festival.com\/index.php?rest_route=\/wp\/v2\/pages\/152","targetHints":{"allow":["GET"]}}],"collection":[{"href":"https:\/\/musiktreff-festival.com\/index.php?rest_route=\/wp\/v2\/pages"}],"about":[{"href":"https:\/\/musiktreff-festival.com\/index.php?rest_route=\/wp\/v2\/types\/page"}],"author":[{"embeddable":true,"href":"https:\/\/musiktreff-festival.com\/index.php?rest_route=\/wp\/v2\/users\/1"}],"replies":[{"embeddable":true,"href":"https:\/\/musiktreff-festival.com\/index.php?rest_route=%2Fwp%2Fv2%2Fcomments&post=152"}],"version-history":[{"count":36,"href":"https:\/\/musiktreff-festival.com\/index.php?rest_route=\/wp\/v2\/pages\/152\/revisions"}],"predecessor-version":[{"id":793,"href":"https:\/\/musiktreff-festival.com\/index.php?rest_route=\/wp\/v2\/pages\/152\/revisions\/793"}],"wp:attachment":[{"href":"https:\/\/musiktreff-festival.com\/index.php?rest_route=%2Fwp%2Fv2%2Fmedia&parent=152"}],"curies":[{"name":"wp","href":"https:\/\/api.w.org\/{rel}","templated":true}]}}