{"id":482,"date":"2022-08-12T16:12:09","date_gmt":"2022-08-12T16:12:09","guid":{"rendered":"https:\/\/musiktreff-festival.com\/?page_id=482"},"modified":"2023-09-12T09:13:31","modified_gmt":"2023-09-12T09:13:31","slug":"die-location","status":"publish","type":"page","link":"https:\/\/musiktreff-festival.com\/?page_id=482","title":{"rendered":"Die Location"},"content":{"rendered":"\t\t<div data-elementor-type=\"wp-page\" data-elementor-id=\"482\" class=\"elementor elementor-482\">\n\t\t\t\t\t\t<section class=\"elementor-section elementor-top-section elementor-element elementor-element-55b88cf elementor-section-boxed elementor-section-height-default elementor-section-height-default\" data-id=\"55b88cf\" data-element_type=\"section\" data-e-type=\"section\">\n\t\t\t\t\t\t<div class=\"elementor-container elementor-column-gap-default\">\n\t\t\t\t\t<div class=\"elementor-column elementor-col-100 elementor-top-column elementor-element elementor-element-75aacff\" data-id=\"75aacff\" data-element_type=\"column\" data-e-type=\"column\">\n\t\t\t<div class=\"elementor-widget-wrap elementor-element-populated\">\n\t\t\t\t\t\t<div class=\"elementor-element elementor-element-2d2c0bb elementor-widget elementor-widget-image\" data-id=\"2d2c0bb\" data-element_type=\"widget\" data-e-type=\"widget\" data-widget_type=\"image.default\">\n\t\t\t\t<div class=\"elementor-widget-container\">\n\t\t\t\t\t\t\t\t\t\t\t\t\t\t\t<img fetchpriority=\"high\" decoding=\"async\" width=\"768\" height=\"512\" src=\"https:\/\/musiktreff-festival.com\/wp-content\/uploads\/2022\/08\/IMG_2237-768x512.jpg\" class=\"attachment-medium_large size-medium_large wp-image-489\" alt=\"\" srcset=\"https:\/\/musiktreff-festival.com\/wp-content\/uploads\/2022\/08\/IMG_2237-768x512.jpg 768w, https:\/\/musiktreff-festival.com\/wp-content\/uploads\/2022\/08\/IMG_2237-300x200.jpg 300w, https:\/\/musiktreff-festival.com\/wp-content\/uploads\/2022\/08\/IMG_2237-1024x683.jpg 1024w, https:\/\/musiktreff-festival.com\/wp-content\/uploads\/2022\/08\/IMG_2237-1536x1024.jpg 1536w, https:\/\/musiktreff-festival.com\/wp-content\/uploads\/2022\/08\/IMG_2237-2048x1365.jpg 2048w\" sizes=\"(max-width: 768px) 100vw, 768px\" \/>\t\t\t\t\t\t\t\t\t\t\t\t\t\t\t<\/div>\n\t\t\t\t<\/div>\n\t\t\t\t\t<\/div>\n\t\t<\/div>\n\t\t\t\t\t<\/div>\n\t\t<\/section>\n\t\t\t\t<section class=\"elementor-section elementor-top-section elementor-element elementor-element-17db6b7 elementor-section-boxed elementor-section-height-default elementor-section-height-default\" data-id=\"17db6b7\" data-element_type=\"section\" data-e-type=\"section\">\n\t\t\t\t\t\t<div class=\"elementor-container elementor-column-gap-default\">\n\t\t\t\t\t<div class=\"elementor-column elementor-col-100 elementor-top-column elementor-element elementor-element-285c51e\" data-id=\"285c51e\" data-element_type=\"column\" data-e-type=\"column\">\n\t\t\t<div class=\"elementor-widget-wrap elementor-element-populated\">\n\t\t\t\t\t\t<div class=\"elementor-element elementor-element-55fd591 elementor-widget elementor-widget-text-editor\" data-id=\"55fd591\" data-element_type=\"widget\" data-e-type=\"widget\" data-widget_type=\"text-editor.default\">\n\t\t\t\t<div class=\"elementor-widget-container\">\n\t\t\t\t\t\t\t\t\t<p>Der sogenannte &#8222;Muhme Campus&#8220;, oberhalb des L\u00f6\u00dfnitzer Marktes ist eine Location, die Ihresgleichen sucht. Wie ein Amphitheater steht der Koloss mitten in der Innenstadt von L\u00f6\u00dfnitz.<br>Architktonisch, in Bezug auf Musik und Kunst ein Meisterwerk.<br>Die Zuschauer sitzen auf den R\u00e4ngen, wie zu historischen Zeiten im Colloseum in Rom und lauschen den K\u00fcnstlern, die etwas weiter unten Ihr K\u00f6nnen unter Beweis stellen. Sprich eine Location, die man sowohl bei Tag als auch bei Nacht gesehen haben muss.<\/p>\n<p>Die Fotos wurden von Frank Vogel zur Verf\u00fcgung gestellt. Er besitzt die Copyright Rechte. Klicken Sie unten auf das Icon, dann gelangen Sie direkt zu seiner Seite.<\/p>\t\t\t\t\t\t\t\t<\/div>\n\t\t\t\t<\/div>\n\t\t\t\t<div class=\"elementor-element elementor-element-fb36512 elementor-view-stacked elementor-shape-circle elementor-widget elementor-widget-icon\" data-id=\"fb36512\" data-element_type=\"widget\" data-e-type=\"widget\" data-widget_type=\"icon.default\">\n\t\t\t\t<div class=\"elementor-widget-container\">\n\t\t\t\t\t\t\t<div class=\"elementor-icon-wrapper\">\n\t\t\t<a class=\"elementor-icon\" href=\"https:\/\/vogel-frank.fotograf.de\/?fbclid=IwAR3t71C1aYJXnkaimHZS73g5Y2-PG3ZDpfHrSD7FP8WTRWsOgvL6ke1tJxU\" target=\"_blank\">\n\t\t\t<i aria-hidden=\"true\" class=\"fas fa-home\"><\/i>\t\t\t<\/a>\n\t\t<\/div>\n\t\t\t\t\t\t<\/div>\n\t\t\t\t<\/div>\n\t\t\t\t\t<\/div>\n\t\t<\/div>\n\t\t\t\t\t<\/div>\n\t\t<\/section>\n\t\t\t\t<section class=\"elementor-section elementor-top-section elementor-element elementor-element-af138c6 elementor-section-boxed elementor-section-height-default elementor-section-height-default\" data-id=\"af138c6\" data-element_type=\"section\" data-e-type=\"section\">\n\t\t\t\t\t\t<div class=\"elementor-container elementor-column-gap-default\">\n\t\t\t\t\t<div class=\"elementor-column elementor-col-100 elementor-top-column elementor-element elementor-element-985a713\" data-id=\"985a713\" data-element_type=\"column\" data-e-type=\"column\">\n\t\t\t<div class=\"elementor-widget-wrap elementor-element-populated\">\n\t\t\t\t\t\t<div class=\"elementor-element elementor-element-a8ca222 elementor-arrows-position-inside elementor-pagination-position-outside elementor-widget elementor-widget-image-carousel\" data-id=\"a8ca222\" data-element_type=\"widget\" data-e-type=\"widget\" data-settings=\"{&quot;slides_to_show&quot;:&quot;3&quot;,&quot;navigation&quot;:&quot;both&quot;,&quot;autoplay&quot;:&quot;yes&quot;,&quot;pause_on_hover&quot;:&quot;yes&quot;,&quot;pause_on_interaction&quot;:&quot;yes&quot;,&quot;autoplay_speed&quot;:5000,&quot;infinite&quot;:&quot;yes&quot;,&quot;speed&quot;:500}\" data-widget_type=\"image-carousel.default\">\n\t\t\t\t<div class=\"elementor-widget-container\">\n\t\t\t\t\t\t\t<div class=\"elementor-image-carousel-wrapper swiper\" role=\"region\" aria-roledescription=\"carousel\" aria-label=\"Bild Karussell\" dir=\"ltr\">\n\t\t\t<div class=\"elementor-image-carousel swiper-wrapper\" aria-live=\"off\">\n\t\t\t\t\t\t\t\t<div class=\"swiper-slide\" role=\"group\" aria-roledescription=\"slide\" aria-label=\"1 von 11\"><a data-elementor-open-lightbox=\"yes\" data-elementor-lightbox-slideshow=\"a8ca222\" data-elementor-lightbox-title=\"IMG_2299\" data-e-action-hash=\"#elementor-action%3Aaction%3Dlightbox%26settings%3DeyJpZCI6NDkyLCJ1cmwiOiJodHRwczpcL1wvbXVzaWt0cmVmZi1mZXN0aXZhbC5jb21cL3dwLWNvbnRlbnRcL3VwbG9hZHNcLzIwMjJcLzA4XC9JTUdfMjI5OS1zY2FsZWQuanBnIiwic2xpZGVzaG93IjoiYThjYTIyMiJ9\" href=\"https:\/\/musiktreff-festival.com\/wp-content\/uploads\/2022\/08\/IMG_2299-scaled.jpg\"><figure class=\"swiper-slide-inner\"><img decoding=\"async\" class=\"swiper-slide-image\" src=\"https:\/\/musiktreff-festival.com\/wp-content\/uploads\/2022\/08\/IMG_2299-300x200.jpg\" alt=\"IMG_2299\" \/><\/figure><\/a><\/div><div class=\"swiper-slide\" role=\"group\" aria-roledescription=\"slide\" aria-label=\"2 von 11\"><a data-elementor-open-lightbox=\"yes\" data-elementor-lightbox-slideshow=\"a8ca222\" data-elementor-lightbox-title=\"IMG_2293\" data-e-action-hash=\"#elementor-action%3Aaction%3Dlightbox%26settings%3DeyJpZCI6NDkxLCJ1cmwiOiJodHRwczpcL1wvbXVzaWt0cmVmZi1mZXN0aXZhbC5jb21cL3dwLWNvbnRlbnRcL3VwbG9hZHNcLzIwMjJcLzA4XC9JTUdfMjI5My1zY2FsZWQuanBnIiwic2xpZGVzaG93IjoiYThjYTIyMiJ9\" href=\"https:\/\/musiktreff-festival.com\/wp-content\/uploads\/2022\/08\/IMG_2293-scaled.jpg\"><figure class=\"swiper-slide-inner\"><img decoding=\"async\" class=\"swiper-slide-image\" src=\"https:\/\/musiktreff-festival.com\/wp-content\/uploads\/2022\/08\/IMG_2293-300x200.jpg\" alt=\"IMG_2293\" \/><\/figure><\/a><\/div><div class=\"swiper-slide\" role=\"group\" aria-roledescription=\"slide\" aria-label=\"3 von 11\"><a data-elementor-open-lightbox=\"yes\" data-elementor-lightbox-slideshow=\"a8ca222\" data-elementor-lightbox-title=\"IMG_2288\" data-e-action-hash=\"#elementor-action%3Aaction%3Dlightbox%26settings%3DeyJpZCI6NDkwLCJ1cmwiOiJodHRwczpcL1wvbXVzaWt0cmVmZi1mZXN0aXZhbC5jb21cL3dwLWNvbnRlbnRcL3VwbG9hZHNcLzIwMjJcLzA4XC9JTUdfMjI4OC1zY2FsZWQuanBnIiwic2xpZGVzaG93IjoiYThjYTIyMiJ9\" href=\"https:\/\/musiktreff-festival.com\/wp-content\/uploads\/2022\/08\/IMG_2288-scaled.jpg\"><figure class=\"swiper-slide-inner\"><img decoding=\"async\" class=\"swiper-slide-image\" src=\"https:\/\/musiktreff-festival.com\/wp-content\/uploads\/2022\/08\/IMG_2288-300x200.jpg\" alt=\"IMG_2288\" \/><\/figure><\/a><\/div><div class=\"swiper-slide\" role=\"group\" aria-roledescription=\"slide\" aria-label=\"4 von 11\"><a data-elementor-open-lightbox=\"yes\" data-elementor-lightbox-slideshow=\"a8ca222\" data-elementor-lightbox-title=\"IMG_2237\" data-e-action-hash=\"#elementor-action%3Aaction%3Dlightbox%26settings%3DeyJpZCI6NDg5LCJ1cmwiOiJodHRwczpcL1wvbXVzaWt0cmVmZi1mZXN0aXZhbC5jb21cL3dwLWNvbnRlbnRcL3VwbG9hZHNcLzIwMjJcLzA4XC9JTUdfMjIzNy1zY2FsZWQuanBnIiwic2xpZGVzaG93IjoiYThjYTIyMiJ9\" href=\"https:\/\/musiktreff-festival.com\/wp-content\/uploads\/2022\/08\/IMG_2237-scaled.jpg\"><figure class=\"swiper-slide-inner\"><img decoding=\"async\" class=\"swiper-slide-image\" src=\"https:\/\/musiktreff-festival.com\/wp-content\/uploads\/2022\/08\/IMG_2237-300x200.jpg\" alt=\"IMG_2237\" \/><\/figure><\/a><\/div><div class=\"swiper-slide\" role=\"group\" aria-roledescription=\"slide\" aria-label=\"5 von 11\"><a data-elementor-open-lightbox=\"yes\" data-elementor-lightbox-slideshow=\"a8ca222\" data-elementor-lightbox-title=\"IMG_2233\" data-e-action-hash=\"#elementor-action%3Aaction%3Dlightbox%26settings%3DeyJpZCI6NDg4LCJ1cmwiOiJodHRwczpcL1wvbXVzaWt0cmVmZi1mZXN0aXZhbC5jb21cL3dwLWNvbnRlbnRcL3VwbG9hZHNcLzIwMjJcLzA4XC9JTUdfMjIzMy1zY2FsZWQuanBnIiwic2xpZGVzaG93IjoiYThjYTIyMiJ9\" href=\"https:\/\/musiktreff-festival.com\/wp-content\/uploads\/2022\/08\/IMG_2233-scaled.jpg\"><figure class=\"swiper-slide-inner\"><img decoding=\"async\" class=\"swiper-slide-image\" src=\"https:\/\/musiktreff-festival.com\/wp-content\/uploads\/2022\/08\/IMG_2233-300x200.jpg\" alt=\"IMG_2233\" \/><\/figure><\/a><\/div><div class=\"swiper-slide\" role=\"group\" aria-roledescription=\"slide\" aria-label=\"6 von 11\"><a data-elementor-open-lightbox=\"yes\" data-elementor-lightbox-slideshow=\"a8ca222\" data-elementor-lightbox-title=\"IMG_2208\" data-e-action-hash=\"#elementor-action%3Aaction%3Dlightbox%26settings%3DeyJpZCI6NDg3LCJ1cmwiOiJodHRwczpcL1wvbXVzaWt0cmVmZi1mZXN0aXZhbC5jb21cL3dwLWNvbnRlbnRcL3VwbG9hZHNcLzIwMjJcLzA4XC9JTUdfMjIwOC1zY2FsZWQuanBnIiwic2xpZGVzaG93IjoiYThjYTIyMiJ9\" href=\"https:\/\/musiktreff-festival.com\/wp-content\/uploads\/2022\/08\/IMG_2208-scaled.jpg\"><figure class=\"swiper-slide-inner\"><img decoding=\"async\" class=\"swiper-slide-image\" src=\"https:\/\/musiktreff-festival.com\/wp-content\/uploads\/2022\/08\/IMG_2208-300x200.jpg\" alt=\"IMG_2208\" \/><\/figure><\/a><\/div><div class=\"swiper-slide\" role=\"group\" aria-roledescription=\"slide\" aria-label=\"7 von 11\"><a data-elementor-open-lightbox=\"yes\" data-elementor-lightbox-slideshow=\"a8ca222\" data-elementor-lightbox-title=\"OLYMPUS DIGITAL CAMERA\" data-e-action-hash=\"#elementor-action%3Aaction%3Dlightbox%26settings%3DeyJpZCI6NDg0LCJ1cmwiOiJodHRwczpcL1wvbXVzaWt0cmVmZi1mZXN0aXZhbC5jb21cL3dwLWNvbnRlbnRcL3VwbG9hZHNcLzIwMjJcLzA4XC9GVjExMDQzNi1zY2FsZWQuanBnIiwic2xpZGVzaG93IjoiYThjYTIyMiJ9\" href=\"https:\/\/musiktreff-festival.com\/wp-content\/uploads\/2022\/08\/FV110436-scaled.jpg\"><figure class=\"swiper-slide-inner\"><img decoding=\"async\" class=\"swiper-slide-image\" src=\"https:\/\/musiktreff-festival.com\/wp-content\/uploads\/2022\/08\/FV110436-300x169.jpg\" alt=\"OLYMPUS DIGITAL CAMERA\" \/><\/figure><\/a><\/div><div class=\"swiper-slide\" role=\"group\" aria-roledescription=\"slide\" aria-label=\"8 von 11\"><a data-elementor-open-lightbox=\"yes\" data-elementor-lightbox-slideshow=\"a8ca222\" data-elementor-lightbox-title=\"IMG_2195\" data-e-action-hash=\"#elementor-action%3Aaction%3Dlightbox%26settings%3DeyJpZCI6NDg1LCJ1cmwiOiJodHRwczpcL1wvbXVzaWt0cmVmZi1mZXN0aXZhbC5jb21cL3dwLWNvbnRlbnRcL3VwbG9hZHNcLzIwMjJcLzA4XC9JTUdfMjE5NS1zY2FsZWQuanBnIiwic2xpZGVzaG93IjoiYThjYTIyMiJ9\" href=\"https:\/\/musiktreff-festival.com\/wp-content\/uploads\/2022\/08\/IMG_2195-scaled.jpg\"><figure class=\"swiper-slide-inner\"><img decoding=\"async\" class=\"swiper-slide-image\" src=\"https:\/\/musiktreff-festival.com\/wp-content\/uploads\/2022\/08\/IMG_2195-300x200.jpg\" alt=\"IMG_2195\" \/><\/figure><\/a><\/div><div class=\"swiper-slide\" role=\"group\" aria-roledescription=\"slide\" aria-label=\"9 von 11\"><a data-elementor-open-lightbox=\"yes\" data-elementor-lightbox-slideshow=\"a8ca222\" data-elementor-lightbox-title=\"IMG_2196\" data-e-action-hash=\"#elementor-action%3Aaction%3Dlightbox%26settings%3DeyJpZCI6NDg2LCJ1cmwiOiJodHRwczpcL1wvbXVzaWt0cmVmZi1mZXN0aXZhbC5jb21cL3dwLWNvbnRlbnRcL3VwbG9hZHNcLzIwMjJcLzA4XC9JTUdfMjE5Ni1zY2FsZWQuanBnIiwic2xpZGVzaG93IjoiYThjYTIyMiJ9\" href=\"https:\/\/musiktreff-festival.com\/wp-content\/uploads\/2022\/08\/IMG_2196-scaled.jpg\"><figure class=\"swiper-slide-inner\"><img decoding=\"async\" class=\"swiper-slide-image\" src=\"https:\/\/musiktreff-festival.com\/wp-content\/uploads\/2022\/08\/IMG_2196-200x300.jpg\" alt=\"IMG_2196\" \/><\/figure><\/a><\/div><div class=\"swiper-slide\" role=\"group\" aria-roledescription=\"slide\" aria-label=\"10 von 11\"><a data-elementor-open-lightbox=\"yes\" data-elementor-lightbox-slideshow=\"a8ca222\" data-elementor-lightbox-title=\"IMG_2934\" data-e-action-hash=\"#elementor-action%3Aaction%3Dlightbox%26settings%3DeyJpZCI6NDkzLCJ1cmwiOiJodHRwczpcL1wvbXVzaWt0cmVmZi1mZXN0aXZhbC5jb21cL3dwLWNvbnRlbnRcL3VwbG9hZHNcLzIwMjJcLzA4XC9JTUdfMjkzNC1zY2FsZWQuanBnIiwic2xpZGVzaG93IjoiYThjYTIyMiJ9\" href=\"https:\/\/musiktreff-festival.com\/wp-content\/uploads\/2022\/08\/IMG_2934-scaled.jpg\"><figure class=\"swiper-slide-inner\"><img decoding=\"async\" class=\"swiper-slide-image\" src=\"https:\/\/musiktreff-festival.com\/wp-content\/uploads\/2022\/08\/IMG_2934-300x200.jpg\" alt=\"IMG_2934\" \/><\/figure><\/a><\/div><div class=\"swiper-slide\" role=\"group\" aria-roledescription=\"slide\" aria-label=\"11 von 11\"><a data-elementor-open-lightbox=\"yes\" data-elementor-lightbox-slideshow=\"a8ca222\" data-elementor-lightbox-title=\"P2930479\" data-e-action-hash=\"#elementor-action%3Aaction%3Dlightbox%26settings%3DeyJpZCI6NDk0LCJ1cmwiOiJodHRwczpcL1wvbXVzaWt0cmVmZi1mZXN0aXZhbC5jb21cL3dwLWNvbnRlbnRcL3VwbG9hZHNcLzIwMjJcLzA4XC9QMjkzMDQ3OS5qcGciLCJzbGlkZXNob3ciOiJhOGNhMjIyIn0%3D\" href=\"https:\/\/musiktreff-festival.com\/wp-content\/uploads\/2022\/08\/P2930479.jpg\"><figure class=\"swiper-slide-inner\"><img decoding=\"async\" class=\"swiper-slide-image\" src=\"https:\/\/musiktreff-festival.com\/wp-content\/uploads\/2022\/08\/P2930479-300x194.jpg\" alt=\"P2930479\" \/><\/figure><\/a><\/div>\t\t\t<\/div>\n\t\t\t\t\t\t\t\t\t\t\t\t<div class=\"elementor-swiper-button elementor-swiper-button-prev\" role=\"button\" tabindex=\"0\">\n\t\t\t\t\t\t<i aria-hidden=\"true\" class=\"eicon-chevron-left\"><\/i>\t\t\t\t\t<\/div>\n\t\t\t\t\t<div class=\"elementor-swiper-button elementor-swiper-button-next\" role=\"button\" tabindex=\"0\">\n\t\t\t\t\t\t<i aria-hidden=\"true\" class=\"eicon-chevron-right\"><\/i>\t\t\t\t\t<\/div>\n\t\t\t\t\n\t\t\t\t\t\t\t\t\t<div class=\"swiper-pagination\"><\/div>\n\t\t\t\t\t\t\t\t\t<\/div>\n\t\t\t\t\t\t<\/div>\n\t\t\t\t<\/div>\n\t\t\t\t\t<\/div>\n\t\t<\/div>\n\t\t\t\t\t<\/div>\n\t\t<\/section>\n\t\t\t\t<section class=\"elementor-section elementor-top-section elementor-element elementor-element-2133d5a elementor-section-boxed elementor-section-height-default elementor-section-height-default\" data-id=\"2133d5a\" data-element_type=\"section\" data-e-type=\"section\">\n\t\t\t\t\t\t<div class=\"elementor-container elementor-column-gap-default\">\n\t\t\t\t\t<div class=\"elementor-column elementor-col-100 elementor-top-column elementor-element elementor-element-041245a\" data-id=\"041245a\" data-element_type=\"column\" data-e-type=\"column\">\n\t\t\t<div class=\"elementor-widget-wrap elementor-element-populated\">\n\t\t\t\t\t\t<div class=\"elementor-element elementor-element-216cc82 elementor-widget elementor-widget-google_maps\" data-id=\"216cc82\" data-element_type=\"widget\" data-e-type=\"widget\" data-widget_type=\"google_maps.default\">\n\t\t\t\t<div class=\"elementor-widget-container\">\n\t\t\t\t\t\t\t<div class=\"elementor-custom-embed\">\n\t\t\t<iframe loading=\"lazy\"\n\t\t\t\t\tsrc=\"https:\/\/maps.google.com\/maps?q=08294%20L%C3%B6%C3%9Fnitz%20Muhme%20Campus&#038;t=m&#038;z=13&#038;output=embed&#038;iwloc=near\"\n\t\t\t\t\ttitle=\"08294 L\u00f6\u00dfnitz Muhme Campus\"\n\t\t\t\t\taria-label=\"08294 L\u00f6\u00dfnitz Muhme Campus\"\n\t\t\t><\/iframe>\n\t\t<\/div>\n\t\t\t\t\t\t<\/div>\n\t\t\t\t<\/div>\n\t\t\t\t\t<\/div>\n\t\t<\/div>\n\t\t\t\t\t<\/div>\n\t\t<\/section>\n\t\t\t\t<\/div>\n\t\t","protected":false},"excerpt":{"rendered":"<p>Der sogenannte &#8222;Muhme Campus&#8220;, oberhalb des L\u00f6\u00dfnitzer Marktes ist eine Location, die Ihresgleichen sucht. Wie ein Amphitheater steht der Koloss mitten in der Innenstadt von L\u00f6\u00dfnitz.Architktonisch, in Bezug auf Musik und Kunst ein Meisterwerk.Die Zuschauer sitzen auf den R\u00e4ngen, wie zu historischen Zeiten im Colloseum in Rom und lauschen den K\u00fcnstlern, die etwas weiter unten [&hellip;]<\/p>\n","protected":false},"author":1,"featured_media":0,"parent":0,"menu_order":0,"comment_status":"closed","ping_status":"closed","template":"","meta":{"footnotes":""},"class_list":["post-482","page","type-page","status-publish","hentry"],"yoast_head":"<!-- This site is optimized with the Yoast SEO plugin v27.5 - https:\/\/yoast.com\/product\/yoast-seo-wordpress\/ -->\n<title>Die Location - MusikTreff<\/title>\n<meta name=\"robots\" content=\"index, follow, max-snippet:-1, max-image-preview:large, max-video-preview:-1\" \/>\n<link rel=\"canonical\" href=\"https:\/\/musiktreff-festival.com\/?page_id=482\" \/>\n<meta property=\"og:locale\" content=\"de_DE\" \/>\n<meta property=\"og:type\" content=\"article\" \/>\n<meta property=\"og:title\" content=\"Die Location - MusikTreff\" \/>\n<meta property=\"og:description\" content=\"Der sogenannte &#8222;Muhme Campus&#8220;, oberhalb des L\u00f6\u00dfnitzer Marktes ist eine Location, die Ihresgleichen sucht. Wie ein Amphitheater steht der Koloss mitten in der Innenstadt von L\u00f6\u00dfnitz.Architktonisch, in Bezug auf Musik und Kunst ein Meisterwerk.Die Zuschauer sitzen auf den R\u00e4ngen, wie zu historischen Zeiten im Colloseum in Rom und lauschen den K\u00fcnstlern, die etwas weiter unten [&hellip;]\" \/>\n<meta property=\"og:url\" content=\"https:\/\/musiktreff-festival.com\/?page_id=482\" \/>\n<meta property=\"og:site_name\" content=\"MusikTreff\" \/>\n<meta property=\"article:modified_time\" content=\"2023-09-12T09:13:31+00:00\" \/>\n<meta property=\"og:image\" content=\"https:\/\/musiktreff-festival.com\/wp-content\/uploads\/2022\/08\/IMG_2237-768x512.jpg\" \/>\n<meta name=\"twitter:card\" content=\"summary_large_image\" \/>\n<meta name=\"twitter:label1\" content=\"Gesch\u00e4tzte Lesezeit\" \/>\n\t<meta name=\"twitter:data1\" content=\"5\u00a0Minuten\" \/>\n<script type=\"application\/ld+json\" class=\"yoast-schema-graph\">{\"@context\":\"https:\\\/\\\/schema.org\",\"@graph\":[{\"@type\":\"WebPage\",\"@id\":\"https:\\\/\\\/musiktreff-festival.com\\\/?page_id=482\",\"url\":\"https:\\\/\\\/musiktreff-festival.com\\\/?page_id=482\",\"name\":\"Die Location - MusikTreff\",\"isPartOf\":{\"@id\":\"https:\\\/\\\/musiktreff-festival.com\\\/#website\"},\"primaryImageOfPage\":{\"@id\":\"https:\\\/\\\/musiktreff-festival.com\\\/?page_id=482#primaryimage\"},\"image\":{\"@id\":\"https:\\\/\\\/musiktreff-festival.com\\\/?page_id=482#primaryimage\"},\"thumbnailUrl\":\"https:\\\/\\\/musiktreff-festival.com\\\/wp-content\\\/uploads\\\/2022\\\/08\\\/IMG_2237-768x512.jpg\",\"datePublished\":\"2022-08-12T16:12:09+00:00\",\"dateModified\":\"2023-09-12T09:13:31+00:00\",\"breadcrumb\":{\"@id\":\"https:\\\/\\\/musiktreff-festival.com\\\/?page_id=482#breadcrumb\"},\"inLanguage\":\"de\",\"potentialAction\":[{\"@type\":\"ReadAction\",\"target\":[\"https:\\\/\\\/musiktreff-festival.com\\\/?page_id=482\"]}]},{\"@type\":\"ImageObject\",\"inLanguage\":\"de\",\"@id\":\"https:\\\/\\\/musiktreff-festival.com\\\/?page_id=482#primaryimage\",\"url\":\"https:\\\/\\\/musiktreff-festival.com\\\/wp-content\\\/uploads\\\/2022\\\/08\\\/IMG_2237-scaled.jpg\",\"contentUrl\":\"https:\\\/\\\/musiktreff-festival.com\\\/wp-content\\\/uploads\\\/2022\\\/08\\\/IMG_2237-scaled.jpg\",\"width\":2560,\"height\":1706},{\"@type\":\"BreadcrumbList\",\"@id\":\"https:\\\/\\\/musiktreff-festival.com\\\/?page_id=482#breadcrumb\",\"itemListElement\":[{\"@type\":\"ListItem\",\"position\":1,\"name\":\"Startseite\",\"item\":\"https:\\\/\\\/musiktreff-festival.com\\\/\"},{\"@type\":\"ListItem\",\"position\":2,\"name\":\"Die Location\"}]},{\"@type\":\"WebSite\",\"@id\":\"https:\\\/\\\/musiktreff-festival.com\\\/#website\",\"url\":\"https:\\\/\\\/musiktreff-festival.com\\\/\",\"name\":\"MusikTreff\",\"description\":\"Willkommen\",\"potentialAction\":[{\"@type\":\"SearchAction\",\"target\":{\"@type\":\"EntryPoint\",\"urlTemplate\":\"https:\\\/\\\/musiktreff-festival.com\\\/?s={search_term_string}\"},\"query-input\":{\"@type\":\"PropertyValueSpecification\",\"valueRequired\":true,\"valueName\":\"search_term_string\"}}],\"inLanguage\":\"de\"}]}<\/script>\n<!-- \/ Yoast SEO plugin. -->","yoast_head_json":{"title":"Die Location - MusikTreff","robots":{"index":"index","follow":"follow","max-snippet":"max-snippet:-1","max-image-preview":"max-image-preview:large","max-video-preview":"max-video-preview:-1"},"canonical":"https:\/\/musiktreff-festival.com\/?page_id=482","og_locale":"de_DE","og_type":"article","og_title":"Die Location - MusikTreff","og_description":"Der sogenannte &#8222;Muhme Campus&#8220;, oberhalb des L\u00f6\u00dfnitzer Marktes ist eine Location, die Ihresgleichen sucht. Wie ein Amphitheater steht der Koloss mitten in der Innenstadt von L\u00f6\u00dfnitz.Architktonisch, in Bezug auf Musik und Kunst ein Meisterwerk.Die Zuschauer sitzen auf den R\u00e4ngen, wie zu historischen Zeiten im Colloseum in Rom und lauschen den K\u00fcnstlern, die etwas weiter unten [&hellip;]","og_url":"https:\/\/musiktreff-festival.com\/?page_id=482","og_site_name":"MusikTreff","article_modified_time":"2023-09-12T09:13:31+00:00","og_image":[{"url":"https:\/\/musiktreff-festival.com\/wp-content\/uploads\/2022\/08\/IMG_2237-768x512.jpg","type":"","width":"","height":""}],"twitter_card":"summary_large_image","twitter_misc":{"Gesch\u00e4tzte Lesezeit":"5\u00a0Minuten"},"schema":{"@context":"https:\/\/schema.org","@graph":[{"@type":"WebPage","@id":"https:\/\/musiktreff-festival.com\/?page_id=482","url":"https:\/\/musiktreff-festival.com\/?page_id=482","name":"Die Location - MusikTreff","isPartOf":{"@id":"https:\/\/musiktreff-festival.com\/#website"},"primaryImageOfPage":{"@id":"https:\/\/musiktreff-festival.com\/?page_id=482#primaryimage"},"image":{"@id":"https:\/\/musiktreff-festival.com\/?page_id=482#primaryimage"},"thumbnailUrl":"https:\/\/musiktreff-festival.com\/wp-content\/uploads\/2022\/08\/IMG_2237-768x512.jpg","datePublished":"2022-08-12T16:12:09+00:00","dateModified":"2023-09-12T09:13:31+00:00","breadcrumb":{"@id":"https:\/\/musiktreff-festival.com\/?page_id=482#breadcrumb"},"inLanguage":"de","potentialAction":[{"@type":"ReadAction","target":["https:\/\/musiktreff-festival.com\/?page_id=482"]}]},{"@type":"ImageObject","inLanguage":"de","@id":"https:\/\/musiktreff-festival.com\/?page_id=482#primaryimage","url":"https:\/\/musiktreff-festival.com\/wp-content\/uploads\/2022\/08\/IMG_2237-scaled.jpg","contentUrl":"https:\/\/musiktreff-festival.com\/wp-content\/uploads\/2022\/08\/IMG_2237-scaled.jpg","width":2560,"height":1706},{"@type":"BreadcrumbList","@id":"https:\/\/musiktreff-festival.com\/?page_id=482#breadcrumb","itemListElement":[{"@type":"ListItem","position":1,"name":"Startseite","item":"https:\/\/musiktreff-festival.com\/"},{"@type":"ListItem","position":2,"name":"Die Location"}]},{"@type":"WebSite","@id":"https:\/\/musiktreff-festival.com\/#website","url":"https:\/\/musiktreff-festival.com\/","name":"MusikTreff","description":"Willkommen","potentialAction":[{"@type":"SearchAction","target":{"@type":"EntryPoint","urlTemplate":"https:\/\/musiktreff-festival.com\/?s={search_term_string}"},"query-input":{"@type":"PropertyValueSpecification","valueRequired":true,"valueName":"search_term_string"}}],"inLanguage":"de"}]}},"_links":{"self":[{"href":"https:\/\/musiktreff-festival.com\/index.php?rest_route=\/wp\/v2\/pages\/482","targetHints":{"allow":["GET"]}}],"collection":[{"href":"https:\/\/musiktreff-festival.com\/index.php?rest_route=\/wp\/v2\/pages"}],"about":[{"href":"https:\/\/musiktreff-festival.com\/index.php?rest_route=\/wp\/v2\/types\/page"}],"author":[{"embeddable":true,"href":"https:\/\/musiktreff-festival.com\/index.php?rest_route=\/wp\/v2\/users\/1"}],"replies":[{"embeddable":true,"href":"https:\/\/musiktreff-festival.com\/index.php?rest_route=%2Fwp%2Fv2%2Fcomments&post=482"}],"version-history":[{"count":41,"href":"https:\/\/musiktreff-festival.com\/index.php?rest_route=\/wp\/v2\/pages\/482\/revisions"}],"predecessor-version":[{"id":804,"href":"https:\/\/musiktreff-festival.com\/index.php?rest_route=\/wp\/v2\/pages\/482\/revisions\/804"}],"wp:attachment":[{"href":"https:\/\/musiktreff-festival.com\/index.php?rest_route=%2Fwp%2Fv2%2Fmedia&parent=482"}],"curies":[{"name":"wp","href":"https:\/\/api.w.org\/{rel}","templated":true}]}}